{"id":2,"date":"2024-11-04T13:18:20","date_gmt":"2024-11-04T13:18:20","guid":{"rendered":"http:\/\/promarprzyczepy.pl\/?page_id=2"},"modified":"2024-11-06T00:25:42","modified_gmt":"2024-11-06T00:25:42","slug":"sample-page","status":"publish","type":"page","link":"http:\/\/promarprzyczepy.pl\/?page_id=2","title":{"rendered":"O nas"},"content":{"rendered":"\n<p class=\"has-text-align-center\">Zajmujemy si\u0119 produkcj\u0105 przyczep rolniczych jednoosiowych o \u0142\u0105downo\u015bci od 3,5 t do 8,0 t.<\/p>\n\n\n\n<p class=\"has-text-align-center\">Dzi\u0119ki wykwalifikowanej kadrze pracowniczej<br>i zaawansowanego parku maszyn produkcyjnych<br>oraz stosowania materia\u0142\u00f3w o najwy\u017cszej jako\u015bci.<br>Nasze produkty zdoby\u0142y uznanie na rynku Polskim oraz Europejskim<\/p>\n\n\n\n<p><\/p>\n","protected":false},"excerpt":{"rendered":"<p>Zajmujemy si\u0119 produkcj\u0105 przyczep rolniczych jednoosiowych o \u0142\u0105downo\u015bci od 3,5 t do 8,0 t. Dzi\u0119ki wykwalifikowanej kadrze pracowniczeji zaawansowanego parku maszyn produkcyjnychoraz stosowania materia\u0142\u00f3w o najwy\u017cszej jako\u015bci.Nasze produkty zdoby\u0142y uznanie na rynku Polskim oraz Europejskim<\/p>\n","protected":false},"author":1,"featured_media":0,"parent":0,"menu_order":0,"comment_status":"closed","ping_status":"open","template":"","meta":{"footnotes":""},"class_list":["post-2","page","type-page","status-publish","hentry"],"_links":{"self":[{"href":"http:\/\/promarprzyczepy.pl\/index.php?rest_route=\/wp\/v2\/pages\/2","targetHints":{"allow":["GET"]}}],"collection":[{"href":"http:\/\/promarprzyczepy.pl\/index.php?rest_route=\/wp\/v2\/pages"}],"about":[{"href":"http:\/\/promarprzyczepy.pl\/index.php?rest_route=\/wp\/v2\/types\/page"}],"author":[{"embeddable":true,"href":"http:\/\/promarprzyczepy.pl\/index.php?rest_route=\/wp\/v2\/users\/1"}],"replies":[{"embeddable":true,"href":"http:\/\/promarprzyczepy.pl\/index.php?rest_route=%2Fwp%2Fv2%2Fcomments&post=2"}],"version-history":[{"count":3,"href":"http:\/\/promarprzyczepy.pl\/index.php?rest_route=\/wp\/v2\/pages\/2\/revisions"}],"predecessor-version":[{"id":46,"href":"http:\/\/promarprzyczepy.pl\/index.php?rest_route=\/wp\/v2\/pages\/2\/revisions\/46"}],"wp:attachment":[{"href":"http:\/\/promarprzyczepy.pl\/index.php?rest_route=%2Fwp%2Fv2%2Fmedia&parent=2"}],"curies":[{"name":"wp","href":"https:\/\/api.w.org\/{rel}","templated":true}]}}